{"id":15,"date":"2023-11-22T18:41:47","date_gmt":"2023-11-22T17:41:47","guid":{"rendered":"https:\/\/www.boframtiden.nu\/?page_id=15"},"modified":"2023-12-18T21:44:07","modified_gmt":"2023-12-18T20:44:07","slug":"om-foreningen-boframtiden","status":"publish","type":"page","link":"https:\/\/www.boframtiden.nu\/","title":{"rendered":"Framtiden"},"content":{"rendered":"<p>Bof\u00f6reningen Framtiden verkar f\u00f6r att det ska bli fler kollektivhus och bogemenskaper i Stockholmsomr\u00e5det. F\u00f6reningen har funnits sedan \u00e5r 2000, och har bist\u00e5tt Familjebost\u00e4der vid planering och genomf\u00f6rande av bl.a. kollektivhusen Dunderbacken i Axelsberg och Kombo p\u00e5 H\u00e4gerstens\u00e5sen. Dunderbacken \u00e4r ett hus f\u00f6r andra halvan livet, dvs. n\u00e4r barnen har flyttat hemifr\u00e5n, medan Kombo \u00e4r f\u00f6r alla \u00e5ldrar och d\u00e4r myllrar det av barn!<br \/>\nVi har varit med i planeringen av husen, bist\u00e5tt med arkitektonisk utformning och organisering av intressegrupper genom studiebes\u00f6k, studiecirklar och annat.<br \/>\nVi har fortsatt kontakt med Familjebost\u00e4der men just nu finns inga konkreta planer p\u00e5 nya kollektivhus i deras regi.\u00a0 S\u00e5 snart det blir ett s\u00e5 meddelar vi!<\/p>\n<p>Vi har dessutom samarbete med Sveafastigheter Bostad som 2021 hade inflyttning i kollektuvhuset Rudbeckia i Uppsala. P\u00e5 Sveafastigheters hemsida kan man l\u00e4sa mer om Rudbeckia.<\/p>\n<p>Vi har bist\u00e5tt Uppsalas kommunala bostadsbolag Uppsalahem d\u00e5 de vill utveckla och bygga gemenskapsboenden inom kvarteret Takryttaren i Uppsala.<\/p>\n<p>Vi har kontakt med skandinaviska grupper och organisationer inom bygg-och bogemenskaper och deltar i seminarier, konferenser och forskning inom omr\u00e5det.<\/p>\n<p>V\u00e5ra medlemmar har bjudits in till studiebes\u00f6k och studiecirklar, och vi informerar om aktuella h\u00e4ndelser inom bygg-och bogemenskaper. Medlemmarna f\u00e5r medlemsbrev tre g\u00e5nger om \u00e5ret och bjuds in till event och\u00a0 \u00e5rsm\u00f6tet. Vi har en Facebookgrupp, Bof\u00f6reningen Framtiden d\u00e4r vi informerar om aktiviteter och l\u00e4gger ut tidningen BoTillsammans som ges ut av Kollektivhus NU.<\/p>\n<p>F\u00f6r att bli medlem i Bof\u00f6reningen Framtiden, ska du s\u00e4tta in 150kr p\u00e5 pg konto 376107-9 innan 31 december. \u00c5rsm\u00f6tet h\u00e5lls i mars. Skriv till info@boframtiden.nu n\u00e4r du betalat in och meddela ditt namn, e-postadress och telefonnummer s\u00e5 kommer du med i medlemsregistret.<\/p>\n<p>V\u00e4lkommen!<\/p>\n<p>\/Mette Kj\u00f6rstad, ordf\u00f6rande.<\/p>\n<p>&nbsp;<\/p>\n<p>&nbsp;<\/p>\n","protected":false},"excerpt":{"rendered":"<p>Bof\u00f6reningen Framtiden verkar f\u00f6r att det ska bli fler kollektivhus och bogemenskaper i Stockholmsomr\u00e5det. F\u00f6reningen har funnits sedan \u00e5r 2000, och har bist\u00e5tt Familjebost\u00e4der vid planering och genomf\u00f6rande av bl.a. kollektivhusen Dunderbacken i Axelsberg och Kombo p\u00e5 H\u00e4gerstens\u00e5sen. Dunderbacken \u00e4r ett hus f\u00f6r andra halvan livet, dvs. n\u00e4r barnen har flyttat hemifr\u00e5n, medan Kombo \u00e4r &hellip; <a href=\"https:\/\/www.boframtiden.nu\/\" class=\"more-link\">Forts\u00e4tt l\u00e4sa<span class=\"screen-reader-text\"> \u201dFramtiden\u201d<\/span><\/a><\/p>\n","protected":false},"author":3,"featured_media":0,"parent":0,"menu_order":1,"comment_status":"closed","ping_status":"closed","template":"","meta":{"footnotes":""},"class_list":["post-15","page","type-page","status-publish","hentry"],"_links":{"self":[{"href":"https:\/\/www.boframtiden.nu\/index.php?rest_route=\/wp\/v2\/pages\/15","targetHints":{"allow":["GET"]}}],"collection":[{"href":"https:\/\/www.boframtiden.nu\/index.php?rest_route=\/wp\/v2\/pages"}],"about":[{"href":"https:\/\/www.boframtiden.nu\/index.php?rest_route=\/wp\/v2\/types\/page"}],"author":[{"embeddable":true,"href":"https:\/\/www.boframtiden.nu\/index.php?rest_route=\/wp\/v2\/users\/3"}],"replies":[{"embeddable":true,"href":"https:\/\/www.boframtiden.nu\/index.php?rest_route=%2Fwp%2Fv2%2Fcomments&post=15"}],"version-history":[{"count":6,"href":"https:\/\/www.boframtiden.nu\/index.php?rest_route=\/wp\/v2\/pages\/15\/revisions"}],"predecessor-version":[{"id":222,"href":"https:\/\/www.boframtiden.nu\/index.php?rest_route=\/wp\/v2\/pages\/15\/revisions\/222"}],"wp:attachment":[{"href":"https:\/\/www.boframtiden.nu\/index.php?rest_route=%2Fwp%2Fv2%2Fmedia&parent=15"}],"curies":[{"name":"wp","href":"https:\/\/api.w.org\/{rel}","templated":true}]}}